{"id":14604,"date":"2022-03-05T19:03:36","date_gmt":"2022-03-05T18:03:36","guid":{"rendered":"https:\/\/vignoc.govic.fr\/?page_id=14604"},"modified":"2022-07-15T15:33:23","modified_gmt":"2022-07-15T13:33:23","slug":"mentions-legales","status":"publish","type":"page","link":"https:\/\/www.labellevue.bzh\/en\/mentions-legales\/","title":{"rendered":"Legal Notice"},"content":{"rendered":"<div data-elementor-type=\"wp-page\" data-elementor-id=\"14604\" class=\"elementor elementor-14604\" data-elementor-post-type=\"page\">\n\t\t\t\t\t\t<section class=\"elementor-section elementor-top-section elementor-element elementor-element-d2b5303 elementor-section-boxed elementor-section-height-default elementor-section-height-default eltdf-parallax-row-no eltdf-content-aligment-left eltdf-elementor-row-grid-no eltdf-disabled-bg-image-bellow-no\" data-id=\"d2b5303\" data-element_type=\"section\">\n\t\t\t\t\t\t<div class=\"elementor-container elementor-column-gap-default\">\n\t\t\t\t\t<div class=\"elementor-column elementor-col-100 elementor-top-column elementor-element elementor-element-2a4b6b9\" data-id=\"2a4b6b9\" data-element_type=\"column\">\n\t\t\t<div class=\"elementor-widget-wrap elementor-element-populated\">\n\t\t\t\t\t\t<div class=\"elementor-element elementor-element-7f4170b elementor-widget elementor-widget-elementskit-heading\" data-id=\"7f4170b\" data-element_type=\"widget\" data-widget_type=\"elementskit-heading.default\">\n\t\t\t\t<div class=\"elementor-widget-container\">\n\t\t\t\t\t<div class=\"ekit-wid-con\" ><div class=\"ekit-heading elementskit-section-title-wraper text_left   ekit_heading_tablet-   ekit_heading_mobile-\"><h2 class=\"ekit-heading--title elementskit-section-title\"><span><span>Site Ownership<\/span><\/span><\/h2><div class=\"ekit_heading_separetor_wraper ekit_heading_elementskit-border-divider\"><div class=\"elementskit-border-divider\"><\/div><\/div><\/div><\/div>\t\t\t\t<\/div>\n\t\t\t\t<\/div>\n\t\t\t\t<div class=\"elementor-element elementor-element-7a5e0b8 elementor-widget elementor-widget-text-editor\" data-id=\"7a5e0b8\" data-element_type=\"widget\" data-widget_type=\"text-editor.default\">\n\t\t\t\t<div class=\"elementor-widget-container\">\n\t\t\t\t\t\t\t\t\t<p>This site is the property of LA BELLEVUE SENE:<\/p><p><strong>THE BELLEVUE SENE<\/strong><\/p><p>57 Rue de Bellevue<br \/>56860 Senna<br \/>Tel: 02 97 13 03 00<\/p>\t\t\t\t\t\t\t\t<\/div>\n\t\t\t\t<\/div>\n\t\t\t\t<div class=\"elementor-element elementor-element-164d868 elementor-widget elementor-widget-elementskit-heading\" data-id=\"164d868\" data-element_type=\"widget\" data-widget_type=\"elementskit-heading.default\">\n\t\t\t\t<div class=\"elementor-widget-container\">\n\t\t\t\t\t<div class=\"ekit-wid-con\" ><div class=\"ekit-heading elementskit-section-title-wraper text_left   ekit_heading_tablet-   ekit_heading_mobile-\"><h2 class=\"ekit-heading--title elementskit-section-title\"><span><span>Editorial responsibility<\/span><\/span><\/h2><div class=\"ekit_heading_separetor_wraper ekit_heading_elementskit-border-divider\"><div class=\"elementskit-border-divider\"><\/div><\/div><\/div><\/div>\t\t\t\t<\/div>\n\t\t\t\t<\/div>\n\t\t\t\t<div class=\"elementor-element elementor-element-78168ff elementor-widget elementor-widget-text-editor\" data-id=\"78168ff\" data-element_type=\"widget\" data-widget_type=\"text-editor.default\">\n\t\t\t\t<div class=\"elementor-widget-container\">\n\t\t\t\t\t\t\t\t\t<p>The publication director of this site is Mr Nicolas PEAU in his capacity as Manager.<\/p>\t\t\t\t\t\t\t\t<\/div>\n\t\t\t\t<\/div>\n\t\t\t\t<div class=\"elementor-element elementor-element-4668d15 elementor-widget elementor-widget-elementskit-heading\" data-id=\"4668d15\" data-element_type=\"widget\" data-widget_type=\"elementskit-heading.default\">\n\t\t\t\t<div class=\"elementor-widget-container\">\n\t\t\t\t\t<div class=\"ekit-wid-con\" ><div class=\"ekit-heading elementskit-section-title-wraper text_left   ekit_heading_tablet-   ekit_heading_mobile-\"><h2 class=\"ekit-heading--title elementskit-section-title\"><span><span>Accommodation<\/span><\/span><\/h2><div class=\"ekit_heading_separetor_wraper ekit_heading_elementskit-border-divider\"><div class=\"elementskit-border-divider\"><\/div><\/div><\/div><\/div>\t\t\t\t<\/div>\n\t\t\t\t<\/div>\n\t\t\t\t<div class=\"elementor-element elementor-element-77e2d77 elementor-widget elementor-widget-text-editor\" data-id=\"77e2d77\" data-element_type=\"widget\" data-widget_type=\"text-editor.default\">\n\t\t\t\t<div class=\"elementor-widget-container\">\n\t\t\t\t\t\t\t\t\t<p>This site is hosted by OVH.<\/p>\t\t\t\t\t\t\t\t<\/div>\n\t\t\t\t<\/div>\n\t\t\t\t<div class=\"elementor-element elementor-element-6abb728 elementor-widget elementor-widget-text-editor\" data-id=\"6abb728\" data-element_type=\"widget\" data-widget_type=\"text-editor.default\">\n\t\t\t\t<div class=\"elementor-widget-container\">\n\t\t\t\t\t\t\t\t\t<p>The website www.labellevue.bzh was produced using eco-design in order to limit the emission of greenhouse gases due to the energy released when visiting this site.\u00a0<\/p>\t\t\t\t\t\t\t\t<\/div>\n\t\t\t\t<\/div>\n\t\t\t\t<div class=\"elementor-element elementor-element-987dda9 elementor-widget elementor-widget-html\" data-id=\"987dda9\" data-element_type=\"widget\" data-widget_type=\"html.default\">\n\t\t\t\t<div class=\"elementor-widget-container\">\n\t\t\t\t\t<div id=\"wcb\" class=\"carbonbadge wcb-d\"><style>#wcb.carbonbadge{--b1:#0e11a8;--b2:#00ffbc;font-size:15px;text-align:center;color:var(--b1);line-height:1.15}#wcb.carbonbadge sub{vertical-align:middle;position:relative;top:.3em;font-size:.7em}#wcb #wcb_2,#wcb #wcb_a,#wcb #wcb_g{display:inline-flex;justify-content:center;align-items:center;text-align:center;font-size:1em;line-height:1.15;font-family:-apple-system,BlinkMacSystemFont,sans-serif;text-decoration:none;margin:.2em 0}#wcb #wcb_a,#wcb #wcb_g{padding:.3em .5em;border:.13em solid var(--b2)}#wcb #wcb_g{border-radius:.3em 0 0 .3em;background:#fff;border-right:0;min-width:8.2em}#wcb #wcb_a{border-radius:0 .3em .3em 0;border-left:0;background:var(--b1);color:#fff;font-weight:700;border-color:var(--b1)}#wcb.wcb-d #wcb_a{color:var(--b1);background:var(--b2);border-color:var(--b2)}#wcb.wcb-d #wcb_2{color:#fff}<\/style><div id=\"wcb_p\"><span id=\"wcb_g\">0.37g of CO<sub>2<\/sub>\/view<\/span><a id=\"wcb_a\" target=\"_blank\" rel=\"noopener\" href=\"https:\/\/websitecarbon.com\">Website Carbon<\/a><\/div><span id=\"wcb_2\">&nbsp;Cleaner than 84% of pages tested<\/span><\/div>\t\t\t\t<\/div>\n\t\t\t\t<\/div>\n\t\t\t\t<div class=\"elementor-element elementor-element-56024c5 elementor-widget elementor-widget-elementskit-heading\" data-id=\"56024c5\" data-element_type=\"widget\" data-widget_type=\"elementskit-heading.default\">\n\t\t\t\t<div class=\"elementor-widget-container\">\n\t\t\t\t\t<div class=\"ekit-wid-con\" ><div class=\"ekit-heading elementskit-section-title-wraper text_left   ekit_heading_tablet-   ekit_heading_mobile-\"><h2 class=\"ekit-heading--title elementskit-section-title\"><span><span>Intellectual property<\/span><\/span><\/h2><div class=\"ekit_heading_separetor_wraper ekit_heading_elementskit-border-divider\"><div class=\"elementskit-border-divider\"><\/div><\/div><\/div><\/div>\t\t\t\t<\/div>\n\t\t\t\t<\/div>\n\t\t\t\t<div class=\"elementor-element elementor-element-7587228 elementor-widget elementor-widget-text-editor\" data-id=\"7587228\" data-element_type=\"widget\" data-widget_type=\"text-editor.default\">\n\t\t\t\t<div class=\"elementor-widget-container\">\n\t\t\t\t\t\t\t\t\t<p>This entire site is subject to French and international legislation on copyright and intellectual property. All reproduction rights are reserved, including for downloadable documents and iconographic and photographic representations. The content of the site is, unless otherwise stated, the property of LA BELLEVUE SENE. Consequently, and unless otherwise stated, any use of the content of the site can only be made with the written authorization of LA BELLEVUE SENE, of which it remains the sole judge. Any reproduction or representation, even partial, by any process whatsoever, carried out without the written consent of LA BELLEVUE SENE is prohibited and unlawful. Failure to comply with this prohibition constitutes an infringement which may engage the civil and criminal liability of the counterfeiter.<\/p>\t\t\t\t\t\t\t\t<\/div>\n\t\t\t\t<\/div>\n\t\t\t\t<div class=\"elementor-element elementor-element-08e230c elementor-widget elementor-widget-elementskit-heading\" data-id=\"08e230c\" data-element_type=\"widget\" data-widget_type=\"elementskit-heading.default\">\n\t\t\t\t<div class=\"elementor-widget-container\">\n\t\t\t\t\t<div class=\"ekit-wid-con\" ><div class=\"ekit-heading elementskit-section-title-wraper text_left   ekit_heading_tablet-   ekit_heading_mobile-\"><h2 class=\"ekit-heading--title elementskit-section-title\"><span><span>National Commission for Computing and Liberties<\/span><\/span><\/h2><div class=\"ekit_heading_separetor_wraper ekit_heading_elementskit-border-divider\"><div class=\"elementskit-border-divider\"><\/div><\/div><\/div><\/div>\t\t\t\t<\/div>\n\t\t\t\t<\/div>\n\t\t\t\t<div class=\"elementor-element elementor-element-ed55a98 elementor-widget elementor-widget-text-editor\" data-id=\"ed55a98\" data-element_type=\"widget\" data-widget_type=\"text-editor.default\">\n\t\t\t\t<div class=\"elementor-widget-container\">\n\t\t\t\t\t\t\t\t\t<p>In accordance with the deliberation of the CNIL n\u00b02006-138 of May 9, 2006 deciding on the exemption from declaration of processing constituted for the purposes of information or external communication (Exemption n\u00b07), this site is exempt from declaration to the CNIL<\/p>\t\t\t\t\t\t\t\t<\/div>\n\t\t\t\t<\/div>\n\t\t\t\t<div class=\"elementor-element elementor-element-27a0d2f elementor-widget elementor-widget-elementskit-heading\" data-id=\"27a0d2f\" data-element_type=\"widget\" data-widget_type=\"elementskit-heading.default\">\n\t\t\t\t<div class=\"elementor-widget-container\">\n\t\t\t\t\t<div class=\"ekit-wid-con\" ><div class=\"ekit-heading elementskit-section-title-wraper text_left   ekit_heading_tablet-   ekit_heading_mobile-\"><h2 class=\"ekit-heading--title elementskit-section-title\"><span><span>Protection of personal data<\/span><\/span><\/h2><div class=\"ekit_heading_separetor_wraper ekit_heading_elementskit-border-divider\"><div class=\"elementskit-border-divider\"><\/div><\/div><\/div><\/div>\t\t\t\t<\/div>\n\t\t\t\t<\/div>\n\t\t\t\t<div class=\"elementor-element elementor-element-935ec48 elementor-widget elementor-widget-text-editor\" data-id=\"935ec48\" data-element_type=\"widget\" data-widget_type=\"text-editor.default\">\n\t\t\t\t<div class=\"elementor-widget-container\">\n\t\t\t\t\t\t\t\t\t<p>In accordance with the law &quot;Informatique et Libert\u00e9s&quot; of January 6, 1978 as amended, you have the right to access, modify and delete data concerning you. To exercise this right, you can contact LA BELLEVUE SENE.<\/p>\t\t\t\t\t\t\t\t<\/div>\n\t\t\t\t<\/div>\n\t\t\t\t<div class=\"elementor-element elementor-element-6ecaf56 elementor-widget elementor-widget-elementskit-heading\" data-id=\"6ecaf56\" data-element_type=\"widget\" data-widget_type=\"elementskit-heading.default\">\n\t\t\t\t<div class=\"elementor-widget-container\">\n\t\t\t\t\t<div class=\"ekit-wid-con\" ><div class=\"ekit-heading elementskit-section-title-wraper text_left   ekit_heading_tablet-   ekit_heading_mobile-\"><h2 class=\"ekit-heading--title elementskit-section-title\"><span><span>Privacy Policy<\/span><\/span><\/h2><div class=\"ekit_heading_separetor_wraper ekit_heading_elementskit-border-divider\"><div class=\"elementskit-border-divider\"><\/div><\/div><\/div><\/div>\t\t\t\t<\/div>\n\t\t\t\t<\/div>\n\t\t\t\t<div class=\"elementor-element elementor-element-d45968e elementor-widget elementor-widget-text-editor\" data-id=\"d45968e\" data-element_type=\"widget\" data-widget_type=\"text-editor.default\">\n\t\t\t\t<div class=\"elementor-widget-container\">\n\t\t\t\t\t\t\t\t\t<p>By consulting our website, you authorize us to collect information about your browsing, in order to help us identify the content that interests you. If you wish to object to this practice, click here.<\/p>\t\t\t\t\t\t\t\t<\/div>\n\t\t\t\t<\/div>\n\t\t\t\t\t<\/div>\n\t\t<\/div>\n\t\t\t\t\t<\/div>\n\t\t<\/section>\n\t\t\t\t<\/div>","protected":false},"excerpt":{"rendered":"<p>Property of the site This site is the property of the company LA BELLEVUE SENE: LA BELLEVUE SENE 57 Rue de Bellevue56860 S\u00e9n\u00e9T\u00e9l: 02 97 13 03 00 Editorial responsibility The director of publication of this site [\u2026]<\/p>","protected":false},"author":1,"featured_media":0,"parent":0,"menu_order":0,"comment_status":"closed","ping_status":"closed","template":"","meta":{"footnotes":""},"class_list":["post-14604","page","type-page","status-publish","hentry"],"yoast_head":"<!-- This site is optimized with the Yoast SEO Premium plugin v20.11 (Yoast SEO v24.3) - https:\/\/yoast.com\/wordpress\/plugins\/seo\/ -->\n<title>Mentions L\u00e9gales - La Bellevue - S\u00e9n\u00e9, Golfe du Morbihan<\/title>\n<meta name=\"robots\" content=\"index, follow, max-snippet:-1, max-image-preview:large, max-video-preview:-1\" \/>\n<link rel=\"canonical\" href=\"https:\/\/www.labellevue.bzh\/en\/mentions-legales\/\" \/>\n<meta property=\"og:locale\" content=\"en_US\" \/>\n<meta property=\"og:type\" content=\"article\" \/>\n<meta property=\"og:title\" content=\"Mentions L\u00e9gales\" \/>\n<meta property=\"og:description\" content=\"Propri\u00e9t\u00e9 du site Le pr\u00e9sent site est la propri\u00e9t\u00e9 de la soci\u00e9t\u00e9 LA BELLEVUE SENE : LA BELLEVUE SENE 57 Rue de Bellevue56860 S\u00e9n\u00e9T\u00e9l : 02 97 13 03 00 Responsabilit\u00e9 \u00e9ditoriale Le directeur de la publication du pr\u00e9sent site [&hellip;]\" \/>\n<meta property=\"og:url\" content=\"https:\/\/www.labellevue.bzh\/en\/mentions-legales\/\" \/>\n<meta property=\"og:site_name\" content=\"La Bellevue - S\u00e9n\u00e9, Golfe du Morbihan\" \/>\n<meta property=\"article:publisher\" content=\"https:\/\/www.facebook.com\/labellevuesene\" \/>\n<meta property=\"article:modified_time\" content=\"2022-07-15T13:33:23+00:00\" \/>\n<meta property=\"og:image\" content=\"https:\/\/www.labellevue.bzh\/wp-content\/uploads\/2023\/03\/logo-la-bellevue-restaurant-sene-vannes-golfe-du-morbihan.jpg\" \/>\n\t<meta property=\"og:image:width\" content=\"537\" \/>\n\t<meta property=\"og:image:height\" content=\"537\" \/>\n\t<meta property=\"og:image:type\" content=\"image\/jpeg\" \/>\n<meta name=\"twitter:card\" content=\"summary_large_image\" \/>\n<meta name=\"twitter:label1\" content=\"Est. reading time\" \/>\n\t<meta name=\"twitter:data1\" content=\"2 minutes\" \/>\n<script type=\"application\/ld+json\" class=\"yoast-schema-graph\">{\"@context\":\"https:\/\/schema.org\",\"@graph\":[{\"@type\":\"WebPage\",\"@id\":\"https:\/\/www.labellevue.bzh\/mentions-legales\/\",\"url\":\"https:\/\/www.labellevue.bzh\/mentions-legales\/\",\"name\":\"Mentions L\u00e9gales - La Bellevue - S\u00e9n\u00e9, Golfe du Morbihan\",\"isPartOf\":{\"@id\":\"https:\/\/www.labellevue.bzh\/#website\"},\"datePublished\":\"2022-03-05T18:03:36+00:00\",\"dateModified\":\"2022-07-15T13:33:23+00:00\",\"breadcrumb\":{\"@id\":\"https:\/\/www.labellevue.bzh\/mentions-legales\/#breadcrumb\"},\"inLanguage\":\"en-US\",\"potentialAction\":[{\"@type\":\"ReadAction\",\"target\":[\"https:\/\/www.labellevue.bzh\/mentions-legales\/\"]}]},{\"@type\":\"BreadcrumbList\",\"@id\":\"https:\/\/www.labellevue.bzh\/mentions-legales\/#breadcrumb\",\"itemListElement\":[{\"@type\":\"ListItem\",\"position\":1,\"name\":\"La Bellevue\",\"item\":\"https:\/\/www.labellevue.bzh\/\"},{\"@type\":\"ListItem\",\"position\":2,\"name\":\"Mentions L\u00e9gales\"}]},{\"@type\":\"WebSite\",\"@id\":\"https:\/\/www.labellevue.bzh\/#website\",\"url\":\"https:\/\/www.labellevue.bzh\/\",\"name\":\"La Bellevue - S\u00e9n\u00e9, Golfe du Morbihan\",\"description\":\"Chambres d&#039;h\u00f4tes &amp; Bistrot \u00e0 S\u00e9n\u00e9 - Vannes\",\"publisher\":{\"@id\":\"https:\/\/www.labellevue.bzh\/#organization\"},\"potentialAction\":[{\"@type\":\"SearchAction\",\"target\":{\"@type\":\"EntryPoint\",\"urlTemplate\":\"https:\/\/www.labellevue.bzh\/?s={search_term_string}\"},\"query-input\":{\"@type\":\"PropertyValueSpecification\",\"valueRequired\":true,\"valueName\":\"search_term_string\"}}],\"inLanguage\":\"en-US\"},{\"@type\":\"Organization\",\"@id\":\"https:\/\/www.labellevue.bzh\/#organization\",\"name\":\"La Bellevue - S\u00e9n\u00e9, Golfe du Morbihan\",\"url\":\"https:\/\/www.labellevue.bzh\/\",\"logo\":{\"@type\":\"ImageObject\",\"inLanguage\":\"en-US\",\"@id\":\"https:\/\/www.labellevue.bzh\/#\/schema\/logo\/image\/\",\"url\":\"https:\/\/www.labellevue.bzh\/wp-content\/uploads\/2023\/03\/logo-la-bellevue-restaurant-sene-vannes-golfe-du-morbihan.jpg\",\"contentUrl\":\"https:\/\/www.labellevue.bzh\/wp-content\/uploads\/2023\/03\/logo-la-bellevue-restaurant-sene-vannes-golfe-du-morbihan.jpg\",\"width\":537,\"height\":537,\"caption\":\"La Bellevue - S\u00e9n\u00e9, Golfe du Morbihan\"},\"image\":{\"@id\":\"https:\/\/www.labellevue.bzh\/#\/schema\/logo\/image\/\"},\"sameAs\":[\"https:\/\/www.facebook.com\/labellevuesene\"]}]}<\/script>\n<!-- \/ Yoast SEO Premium plugin. -->","yoast_head_json":{"title":"Mentions L\u00e9gales - La Bellevue - S\u00e9n\u00e9, Golfe du Morbihan","robots":{"index":"index","follow":"follow","max-snippet":"max-snippet:-1","max-image-preview":"max-image-preview:large","max-video-preview":"max-video-preview:-1"},"canonical":"https:\/\/www.labellevue.bzh\/en\/mentions-legales\/","og_locale":"en_US","og_type":"article","og_title":"Mentions L\u00e9gales","og_description":"Propri\u00e9t\u00e9 du site Le pr\u00e9sent site est la propri\u00e9t\u00e9 de la soci\u00e9t\u00e9 LA BELLEVUE SENE : LA BELLEVUE SENE 57 Rue de Bellevue56860 S\u00e9n\u00e9T\u00e9l : 02 97 13 03 00 Responsabilit\u00e9 \u00e9ditoriale Le directeur de la publication du pr\u00e9sent site [&hellip;]","og_url":"https:\/\/www.labellevue.bzh\/en\/mentions-legales\/","og_site_name":"La Bellevue - S\u00e9n\u00e9, Golfe du Morbihan","article_publisher":"https:\/\/www.facebook.com\/labellevuesene","article_modified_time":"2022-07-15T13:33:23+00:00","og_image":[{"width":537,"height":537,"url":"https:\/\/www.labellevue.bzh\/wp-content\/uploads\/2023\/03\/logo-la-bellevue-restaurant-sene-vannes-golfe-du-morbihan.jpg","type":"image\/jpeg"}],"twitter_card":"summary_large_image","twitter_misc":{"Est. reading time":"2 minutes"},"schema":{"@context":"https:\/\/schema.org","@graph":[{"@type":"WebPage","@id":"https:\/\/www.labellevue.bzh\/mentions-legales\/","url":"https:\/\/www.labellevue.bzh\/mentions-legales\/","name":"Mentions L\u00e9gales - La Bellevue - S\u00e9n\u00e9, Golfe du Morbihan","isPartOf":{"@id":"https:\/\/www.labellevue.bzh\/#website"},"datePublished":"2022-03-05T18:03:36+00:00","dateModified":"2022-07-15T13:33:23+00:00","breadcrumb":{"@id":"https:\/\/www.labellevue.bzh\/mentions-legales\/#breadcrumb"},"inLanguage":"en-US","potentialAction":[{"@type":"ReadAction","target":["https:\/\/www.labellevue.bzh\/mentions-legales\/"]}]},{"@type":"BreadcrumbList","@id":"https:\/\/www.labellevue.bzh\/mentions-legales\/#breadcrumb","itemListElement":[{"@type":"ListItem","position":1,"name":"La Bellevue","item":"https:\/\/www.labellevue.bzh\/"},{"@type":"ListItem","position":2,"name":"Mentions L\u00e9gales"}]},{"@type":"WebSite","@id":"https:\/\/www.labellevue.bzh\/#website","url":"https:\/\/www.labellevue.bzh\/","name":"La Bellevue - S\u00e9n\u00e9, Golfe du Morbihan","description":"Chambres d&#039;h\u00f4tes &amp; Bistrot \u00e0 S\u00e9n\u00e9 - Vannes","publisher":{"@id":"https:\/\/www.labellevue.bzh\/#organization"},"potentialAction":[{"@type":"SearchAction","target":{"@type":"EntryPoint","urlTemplate":"https:\/\/www.labellevue.bzh\/?s={search_term_string}"},"query-input":{"@type":"PropertyValueSpecification","valueRequired":true,"valueName":"search_term_string"}}],"inLanguage":"en-US"},{"@type":"Organization","@id":"https:\/\/www.labellevue.bzh\/#organization","name":"La Bellevue - S\u00e9n\u00e9, Golfe du Morbihan","url":"https:\/\/www.labellevue.bzh\/","logo":{"@type":"ImageObject","inLanguage":"en-US","@id":"https:\/\/www.labellevue.bzh\/#\/schema\/logo\/image\/","url":"https:\/\/www.labellevue.bzh\/wp-content\/uploads\/2023\/03\/logo-la-bellevue-restaurant-sene-vannes-golfe-du-morbihan.jpg","contentUrl":"https:\/\/www.labellevue.bzh\/wp-content\/uploads\/2023\/03\/logo-la-bellevue-restaurant-sene-vannes-golfe-du-morbihan.jpg","width":537,"height":537,"caption":"La Bellevue - S\u00e9n\u00e9, Golfe du Morbihan"},"image":{"@id":"https:\/\/www.labellevue.bzh\/#\/schema\/logo\/image\/"},"sameAs":["https:\/\/www.facebook.com\/labellevuesene"]}]}},"_links":{"self":[{"href":"https:\/\/www.labellevue.bzh\/en\/wp-json\/wp\/v2\/pages\/14604","targetHints":{"allow":["GET"]}}],"collection":[{"href":"https:\/\/www.labellevue.bzh\/en\/wp-json\/wp\/v2\/pages"}],"about":[{"href":"https:\/\/www.labellevue.bzh\/en\/wp-json\/wp\/v2\/types\/page"}],"author":[{"embeddable":true,"href":"https:\/\/www.labellevue.bzh\/en\/wp-json\/wp\/v2\/users\/1"}],"replies":[{"embeddable":true,"href":"https:\/\/www.labellevue.bzh\/en\/wp-json\/wp\/v2\/comments?post=14604"}],"version-history":[{"count":0,"href":"https:\/\/www.labellevue.bzh\/en\/wp-json\/wp\/v2\/pages\/14604\/revisions"}],"wp:attachment":[{"href":"https:\/\/www.labellevue.bzh\/en\/wp-json\/wp\/v2\/media?parent=14604"}],"curies":[{"name":"wp","href":"https:\/\/api.w.org\/{rel}","templated":true}]}}