{"id":14792,"date":"2022-04-18T14:35:07","date_gmt":"2022-04-18T12:35:07","guid":{"rendered":"https:\/\/labellevue.govic.fr\/?page_id=14792"},"modified":"2022-08-10T14:13:19","modified_gmt":"2022-08-10T12:13:19","slug":"visiter-les-iles","status":"publish","type":"page","link":"https:\/\/www.labellevue.bzh\/en\/experiences\/visiter-les-iles\/","title":{"rendered":"VISIT THE ISLANDS"},"content":{"rendered":"<div data-elementor-type=\"wp-page\" data-elementor-id=\"14792\" class=\"elementor elementor-14792\" data-elementor-post-type=\"page\">\n\t\t\t\t\t\t<section class=\"elementor-section elementor-top-section elementor-element elementor-element-744cd19 elementor-section-boxed elementor-section-height-default elementor-section-height-default eltdf-parallax-row-no eltdf-content-aligment-left eltdf-elementor-row-grid-no eltdf-disabled-bg-image-bellow-no\" data-id=\"744cd19\" data-element_type=\"section\">\n\t\t\t\t\t\t<div class=\"elementor-container elementor-column-gap-default\">\n\t\t\t\t\t<div class=\"elementor-column elementor-col-100 elementor-top-column elementor-element elementor-element-bf1df2d\" data-id=\"bf1df2d\" data-element_type=\"column\">\n\t\t\t<div class=\"elementor-widget-wrap elementor-element-populated\">\n\t\t\t\t\t\t<div class=\"elementor-element elementor-element-ccc72ac elementor-widget elementor-widget-heading\" data-id=\"ccc72ac\" data-element_type=\"widget\" data-widget_type=\"heading.default\">\n\t\t\t\t<div class=\"elementor-widget-container\">\n\t\t\t\t\t<h2 class=\"elementor-heading-title elementor-size-default\">Visit the islands <\/h2>\t\t\t\t<\/div>\n\t\t\t\t<\/div>\n\t\t\t\t<div class=\"elementor-element elementor-element-ca8610b elementor-widget elementor-widget-spacer\" data-id=\"ca8610b\" data-element_type=\"widget\" data-widget_type=\"spacer.default\">\n\t\t\t\t<div class=\"elementor-widget-container\">\n\t\t\t\t\t\t\t<div class=\"elementor-spacer\">\n\t\t\t<div class=\"elementor-spacer-inner\"><\/div>\n\t\t<\/div>\n\t\t\t\t\t\t<\/div>\n\t\t\t\t<\/div>\n\t\t\t\t<div class=\"elementor-element elementor-element-c5a6491 elementor-widget elementor-widget-text-editor\" data-id=\"c5a6491\" data-element_type=\"widget\" data-widget_type=\"text-editor.default\">\n\t\t\t\t<div class=\"elementor-widget-container\">\n\t\t\t\t\t\t\t\t\t<p><strong>SERVICE PROVIDERS:\u00a0<\/strong><\/p><p>The Rase Pebbles<\/p><p><strong>CONTACT :\u00a0<\/strong><\/p><p>Julien 07 66 67 09 39<\/p><p><strong>SITE :\u00a0<\/strong><\/p><p><span style=\"text-decoration: underline;\"><a style=\"color: #000000; text-decoration: underline;\" href=\"https:\/\/www.lerasecailloux.com\/\">lerasecailloux.com<\/a><\/span><\/p>\t\t\t\t\t\t\t\t<\/div>\n\t\t\t\t<\/div>\n\t\t\t\t<div class=\"elementor-element elementor-element-3b0fb9b elementor-widget elementor-widget-text-editor\" data-id=\"3b0fb9b\" data-element_type=\"widget\" data-widget_type=\"text-editor.default\">\n\t\t\t\t<div class=\"elementor-widget-container\">\n\t\t\t\t\t\t\t\t\t<p>And don&#039;t forget to introduce yourself on behalf of La bellevue in S\u00e9n\u00e9<\/p>\t\t\t\t\t\t\t\t<\/div>\n\t\t\t\t<\/div>\n\t\t\t\t<div class=\"elementor-element elementor-element-ca831dd elementor-align-center elementor-widget elementor-widget-button\" data-id=\"ca831dd\" data-element_type=\"widget\" data-widget_type=\"button.default\">\n\t\t\t\t<div class=\"elementor-widget-container\">\n\t\t\t\t\t\t\t\t\t<div class=\"elementor-button-wrapper\">\n\t\t\t\t\t<a class=\"elementor-button elementor-button-link elementor-size-lg\" href=\"\/experiences\/\">\n\t\t\t\t\t\t<span class=\"elementor-button-content-wrapper\">\n\t\t\t\t\t\t<span class=\"elementor-button-icon\">\n\t\t\t\t<i aria-hidden=\"true\" class=\"fas fa-long-arrow-alt-left\"><\/i>\t\t\t<\/span>\n\t\t\t\t\t\t\t\t\t<span class=\"elementor-button-text\">Return<\/span>\n\t\t\t\t\t<\/span>\n\t\t\t\t\t<\/a>\n\t\t\t\t<\/div>\n\t\t\t\t\t\t\t\t<\/div>\n\t\t\t\t<\/div>\n\t\t\t\t\t<\/div>\n\t\t<\/div>\n\t\t\t\t\t<\/div>\n\t\t<\/section>\n\t\t\t\t<\/div>","protected":false},"excerpt":{"rendered":"<p>Visit the islands PROVIDERS: Le Rase Cailloux CONTACT: Julien 07 66 67 09 39 SITE: lerasecailloux.com And don&#039;t forget to introduce yourself on behalf of La bellevue in S\u00e9n\u00e9 Back<\/p>","protected":false},"author":1,"featured_media":0,"parent":4906,"menu_order":0,"comment_status":"closed","ping_status":"closed","template":"full-width.php","meta":{"footnotes":""},"class_list":["post-14792","page","type-page","status-publish","hentry"],"yoast_head":"<!-- This site is optimized with the Yoast SEO Premium plugin v20.11 (Yoast SEO v24.3) - https:\/\/yoast.com\/wordpress\/plugins\/seo\/ -->\n<title>VISITER LES \u00ceLES - La Bellevue - S\u00e9n\u00e9, Golfe du Morbihan<\/title>\n<meta name=\"robots\" content=\"index, follow, max-snippet:-1, max-image-preview:large, max-video-preview:-1\" \/>\n<link rel=\"canonical\" href=\"https:\/\/www.labellevue.bzh\/en\/experiences\/visiter-les-iles\/\" \/>\n<meta property=\"og:locale\" content=\"en_US\" \/>\n<meta property=\"og:type\" content=\"article\" \/>\n<meta property=\"og:title\" content=\"VISITER LES \u00ceLES\" \/>\n<meta property=\"og:description\" content=\"Visiter les \u00eeles PRESTATAIRES:\u00a0 Le Rase Cailloux CONTACT :\u00a0 Julien 07 66 67 09 39 SITE :\u00a0 lerasecailloux.com Et n&rsquo;oubliez pas de vous pr\u00e9senter de la part de La bellevue \u00e0 S\u00e9n\u00e9 Retour\" \/>\n<meta property=\"og:url\" content=\"https:\/\/www.labellevue.bzh\/en\/experiences\/visiter-les-iles\/\" \/>\n<meta property=\"og:site_name\" content=\"La Bellevue - S\u00e9n\u00e9, Golfe du Morbihan\" \/>\n<meta property=\"article:publisher\" content=\"https:\/\/www.facebook.com\/labellevuesene\" \/>\n<meta property=\"article:modified_time\" content=\"2022-08-10T12:13:19+00:00\" \/>\n<meta property=\"og:image\" content=\"https:\/\/www.labellevue.bzh\/wp-content\/uploads\/2023\/03\/logo-la-bellevue-restaurant-sene-vannes-golfe-du-morbihan.jpg\" \/>\n\t<meta property=\"og:image:width\" content=\"537\" \/>\n\t<meta property=\"og:image:height\" content=\"537\" \/>\n\t<meta property=\"og:image:type\" content=\"image\/jpeg\" \/>\n<meta name=\"twitter:card\" content=\"summary_large_image\" \/>\n<script type=\"application\/ld+json\" class=\"yoast-schema-graph\">{\"@context\":\"https:\/\/schema.org\",\"@graph\":[{\"@type\":\"WebPage\",\"@id\":\"https:\/\/www.labellevue.bzh\/experiences\/visiter-les-iles\/\",\"url\":\"https:\/\/www.labellevue.bzh\/experiences\/visiter-les-iles\/\",\"name\":\"VISITER LES \u00ceLES - La Bellevue - S\u00e9n\u00e9, Golfe du Morbihan\",\"isPartOf\":{\"@id\":\"https:\/\/www.labellevue.bzh\/#website\"},\"datePublished\":\"2022-04-18T12:35:07+00:00\",\"dateModified\":\"2022-08-10T12:13:19+00:00\",\"breadcrumb\":{\"@id\":\"https:\/\/www.labellevue.bzh\/experiences\/visiter-les-iles\/#breadcrumb\"},\"inLanguage\":\"en-US\",\"potentialAction\":[{\"@type\":\"ReadAction\",\"target\":[\"https:\/\/www.labellevue.bzh\/experiences\/visiter-les-iles\/\"]}]},{\"@type\":\"BreadcrumbList\",\"@id\":\"https:\/\/www.labellevue.bzh\/experiences\/visiter-les-iles\/#breadcrumb\",\"itemListElement\":[{\"@type\":\"ListItem\",\"position\":1,\"name\":\"La Bellevue\",\"item\":\"https:\/\/www.labellevue.bzh\/\"},{\"@type\":\"ListItem\",\"position\":2,\"name\":\"Exp\u00e9riences\",\"item\":\"https:\/\/www.labellevue.bzh\/experiences\/\"},{\"@type\":\"ListItem\",\"position\":3,\"name\":\"VISITER LES \u00ceLES\"}]},{\"@type\":\"WebSite\",\"@id\":\"https:\/\/www.labellevue.bzh\/#website\",\"url\":\"https:\/\/www.labellevue.bzh\/\",\"name\":\"La Bellevue - S\u00e9n\u00e9, Golfe du Morbihan\",\"description\":\"Chambres d&#039;h\u00f4tes &amp; Bistrot \u00e0 S\u00e9n\u00e9 - Vannes\",\"publisher\":{\"@id\":\"https:\/\/www.labellevue.bzh\/#organization\"},\"potentialAction\":[{\"@type\":\"SearchAction\",\"target\":{\"@type\":\"EntryPoint\",\"urlTemplate\":\"https:\/\/www.labellevue.bzh\/?s={search_term_string}\"},\"query-input\":{\"@type\":\"PropertyValueSpecification\",\"valueRequired\":true,\"valueName\":\"search_term_string\"}}],\"inLanguage\":\"en-US\"},{\"@type\":\"Organization\",\"@id\":\"https:\/\/www.labellevue.bzh\/#organization\",\"name\":\"La Bellevue - S\u00e9n\u00e9, Golfe du Morbihan\",\"url\":\"https:\/\/www.labellevue.bzh\/\",\"logo\":{\"@type\":\"ImageObject\",\"inLanguage\":\"en-US\",\"@id\":\"https:\/\/www.labellevue.bzh\/#\/schema\/logo\/image\/\",\"url\":\"https:\/\/www.labellevue.bzh\/wp-content\/uploads\/2023\/03\/logo-la-bellevue-restaurant-sene-vannes-golfe-du-morbihan.jpg\",\"contentUrl\":\"https:\/\/www.labellevue.bzh\/wp-content\/uploads\/2023\/03\/logo-la-bellevue-restaurant-sene-vannes-golfe-du-morbihan.jpg\",\"width\":537,\"height\":537,\"caption\":\"La Bellevue - S\u00e9n\u00e9, Golfe du Morbihan\"},\"image\":{\"@id\":\"https:\/\/www.labellevue.bzh\/#\/schema\/logo\/image\/\"},\"sameAs\":[\"https:\/\/www.facebook.com\/labellevuesene\"]}]}<\/script>\n<!-- \/ Yoast SEO Premium plugin. -->","yoast_head_json":{"title":"VISITER LES \u00ceLES - La Bellevue - S\u00e9n\u00e9, Golfe du Morbihan","robots":{"index":"index","follow":"follow","max-snippet":"max-snippet:-1","max-image-preview":"max-image-preview:large","max-video-preview":"max-video-preview:-1"},"canonical":"https:\/\/www.labellevue.bzh\/en\/experiences\/visiter-les-iles\/","og_locale":"en_US","og_type":"article","og_title":"VISITER LES \u00ceLES","og_description":"Visiter les \u00eeles PRESTATAIRES:\u00a0 Le Rase Cailloux CONTACT :\u00a0 Julien 07 66 67 09 39 SITE :\u00a0 lerasecailloux.com Et n&rsquo;oubliez pas de vous pr\u00e9senter de la part de La bellevue \u00e0 S\u00e9n\u00e9 Retour","og_url":"https:\/\/www.labellevue.bzh\/en\/experiences\/visiter-les-iles\/","og_site_name":"La Bellevue - S\u00e9n\u00e9, Golfe du Morbihan","article_publisher":"https:\/\/www.facebook.com\/labellevuesene","article_modified_time":"2022-08-10T12:13:19+00:00","og_image":[{"width":537,"height":537,"url":"https:\/\/www.labellevue.bzh\/wp-content\/uploads\/2023\/03\/logo-la-bellevue-restaurant-sene-vannes-golfe-du-morbihan.jpg","type":"image\/jpeg"}],"twitter_card":"summary_large_image","schema":{"@context":"https:\/\/schema.org","@graph":[{"@type":"WebPage","@id":"https:\/\/www.labellevue.bzh\/experiences\/visiter-les-iles\/","url":"https:\/\/www.labellevue.bzh\/experiences\/visiter-les-iles\/","name":"VISITER LES \u00ceLES - La Bellevue - S\u00e9n\u00e9, Golfe du Morbihan","isPartOf":{"@id":"https:\/\/www.labellevue.bzh\/#website"},"datePublished":"2022-04-18T12:35:07+00:00","dateModified":"2022-08-10T12:13:19+00:00","breadcrumb":{"@id":"https:\/\/www.labellevue.bzh\/experiences\/visiter-les-iles\/#breadcrumb"},"inLanguage":"en-US","potentialAction":[{"@type":"ReadAction","target":["https:\/\/www.labellevue.bzh\/experiences\/visiter-les-iles\/"]}]},{"@type":"BreadcrumbList","@id":"https:\/\/www.labellevue.bzh\/experiences\/visiter-les-iles\/#breadcrumb","itemListElement":[{"@type":"ListItem","position":1,"name":"La Bellevue","item":"https:\/\/www.labellevue.bzh\/"},{"@type":"ListItem","position":2,"name":"Exp\u00e9riences","item":"https:\/\/www.labellevue.bzh\/experiences\/"},{"@type":"ListItem","position":3,"name":"VISITER LES \u00ceLES"}]},{"@type":"WebSite","@id":"https:\/\/www.labellevue.bzh\/#website","url":"https:\/\/www.labellevue.bzh\/","name":"La Bellevue - S\u00e9n\u00e9, Golfe du Morbihan","description":"Chambres d&#039;h\u00f4tes &amp; Bistrot \u00e0 S\u00e9n\u00e9 - Vannes","publisher":{"@id":"https:\/\/www.labellevue.bzh\/#organization"},"potentialAction":[{"@type":"SearchAction","target":{"@type":"EntryPoint","urlTemplate":"https:\/\/www.labellevue.bzh\/?s={search_term_string}"},"query-input":{"@type":"PropertyValueSpecification","valueRequired":true,"valueName":"search_term_string"}}],"inLanguage":"en-US"},{"@type":"Organization","@id":"https:\/\/www.labellevue.bzh\/#organization","name":"La Bellevue - S\u00e9n\u00e9, Golfe du Morbihan","url":"https:\/\/www.labellevue.bzh\/","logo":{"@type":"ImageObject","inLanguage":"en-US","@id":"https:\/\/www.labellevue.bzh\/#\/schema\/logo\/image\/","url":"https:\/\/www.labellevue.bzh\/wp-content\/uploads\/2023\/03\/logo-la-bellevue-restaurant-sene-vannes-golfe-du-morbihan.jpg","contentUrl":"https:\/\/www.labellevue.bzh\/wp-content\/uploads\/2023\/03\/logo-la-bellevue-restaurant-sene-vannes-golfe-du-morbihan.jpg","width":537,"height":537,"caption":"La Bellevue - S\u00e9n\u00e9, Golfe du Morbihan"},"image":{"@id":"https:\/\/www.labellevue.bzh\/#\/schema\/logo\/image\/"},"sameAs":["https:\/\/www.facebook.com\/labellevuesene"]}]}},"_links":{"self":[{"href":"https:\/\/www.labellevue.bzh\/en\/wp-json\/wp\/v2\/pages\/14792","targetHints":{"allow":["GET"]}}],"collection":[{"href":"https:\/\/www.labellevue.bzh\/en\/wp-json\/wp\/v2\/pages"}],"about":[{"href":"https:\/\/www.labellevue.bzh\/en\/wp-json\/wp\/v2\/types\/page"}],"author":[{"embeddable":true,"href":"https:\/\/www.labellevue.bzh\/en\/wp-json\/wp\/v2\/users\/1"}],"replies":[{"embeddable":true,"href":"https:\/\/www.labellevue.bzh\/en\/wp-json\/wp\/v2\/comments?post=14792"}],"version-history":[{"count":0,"href":"https:\/\/www.labellevue.bzh\/en\/wp-json\/wp\/v2\/pages\/14792\/revisions"}],"up":[{"embeddable":true,"href":"https:\/\/www.labellevue.bzh\/en\/wp-json\/wp\/v2\/pages\/4906"}],"wp:attachment":[{"href":"https:\/\/www.labellevue.bzh\/en\/wp-json\/wp\/v2\/media?parent=14792"}],"curies":[{"name":"wp","href":"https:\/\/api.w.org\/{rel}","templated":true}]}}