{"id":5020,"date":"2022-04-08T10:27:58","date_gmt":"2022-04-08T08:27:58","guid":{"rendered":"https:\/\/labellevue.govic.fr\/?page_id=5020"},"modified":"2026-03-27T15:59:29","modified_gmt":"2026-03-27T14:59:29","slug":"boire-un-verre","status":"publish","type":"page","link":"https:\/\/www.labellevue.bzh\/en\/boire-un-verre\/","title":{"rendered":"Have a drink"},"content":{"rendered":"<div data-elementor-type=\"wp-page\" data-elementor-id=\"5020\" class=\"elementor elementor-5020\" data-elementor-post-type=\"page\">\n\t\t\t\t\t\t<section class=\"elementor-section elementor-top-section elementor-element elementor-element-b1569d7 elementor-section-boxed elementor-section-height-default elementor-section-height-default eltdf-parallax-row-no eltdf-content-aligment-left eltdf-elementor-row-grid-no eltdf-disabled-bg-image-bellow-no\" data-id=\"b1569d7\" data-element_type=\"section\">\n\t\t\t\t\t\t<div class=\"elementor-container elementor-column-gap-default\">\n\t\t\t\t\t<div class=\"elementor-column elementor-col-100 elementor-top-column elementor-element elementor-element-8e2bbf3\" data-id=\"8e2bbf3\" data-element_type=\"column\">\n\t\t\t<div class=\"elementor-widget-wrap elementor-element-populated\">\n\t\t\t\t\t\t<div class=\"elementor-element elementor-element-0766cba elementor-widget elementor-widget-heading\" data-id=\"0766cba\" data-element_type=\"widget\" data-widget_type=\"heading.default\">\n\t\t\t\t<div class=\"elementor-widget-container\">\n\t\t\t\t\t<h2 class=\"elementor-heading-title elementor-size-default\">Meeting place,<br>\ncentral and nerve center of Bellevue<\/h2>\t\t\t\t<\/div>\n\t\t\t\t<\/div>\n\t\t\t\t<div class=\"elementor-element elementor-element-6ef5df0 elementor-widget elementor-widget-spacer\" data-id=\"6ef5df0\" data-element_type=\"widget\" data-widget_type=\"spacer.default\">\n\t\t\t\t<div class=\"elementor-widget-container\">\n\t\t\t\t\t\t\t<div class=\"elementor-spacer\">\n\t\t\t<div class=\"elementor-spacer-inner\"><\/div>\n\t\t<\/div>\n\t\t\t\t\t\t<\/div>\n\t\t\t\t<\/div>\n\t\t\t\t<div class=\"elementor-element elementor-element-1c5232a elementor-widget__width-initial elementor-widget elementor-widget-text-editor\" data-id=\"1c5232a\" data-element_type=\"widget\" data-widget_type=\"text-editor.default\">\n\t\t\t\t<div class=\"elementor-widget-container\">\n\t\t\t\t\t\t\t\t\t<p>the bar is the central and nerve center of La Bellevue. Depending on the time of day, we share a coffee, a glass of wine, a beer or a cocktail. In all seasons, the bar extends naturally towards the garden and the Gulf. In winter, by the central stove, you can also enjoy a homemade pastry or play a board game together.<\/p>\t\t\t\t\t\t\t\t<\/div>\n\t\t\t\t<\/div>\n\t\t\t\t<section class=\"elementor-section elementor-inner-section elementor-element elementor-element-4394b3d elementor-section-boxed elementor-section-height-default elementor-section-height-default eltdf-parallax-row-no eltdf-content-aligment-left eltdf-elementor-row-grid-no eltdf-disabled-bg-image-bellow-no\" data-id=\"4394b3d\" data-element_type=\"section\">\n\t\t\t\t\t\t<div class=\"elementor-container elementor-column-gap-default\">\n\t\t\t\t\t<div class=\"elementor-column elementor-col-50 elementor-inner-column elementor-element elementor-element-ed7dd0a\" data-id=\"ed7dd0a\" data-element_type=\"column\">\n\t\t\t<div class=\"elementor-widget-wrap elementor-element-populated\">\n\t\t\t\t\t\t<div class=\"elementor-element elementor-element-4e2edbb elementor-widget elementor-widget-image\" data-id=\"4e2edbb\" data-element_type=\"widget\" data-widget_type=\"image.default\">\n\t\t\t\t<div class=\"elementor-widget-container\">\n\t\t\t\t\t\t\t\t\t\t\t\t\t\t\t<img decoding=\"async\" src=\"https:\/\/www.labellevue.bzh\/wp-content\/uploads\/elementor\/thumbs\/image00028-scaled-psfxlrtmmn83a1xx3crqg7cvp5c4uqe61lunjznmkw.webp\" title=\"image00028\" alt=\"image00028\" loading=\"lazy\" \/>\t\t\t\t\t\t\t\t\t\t\t\t\t\t\t<\/div>\n\t\t\t\t<\/div>\n\t\t\t\t<div class=\"elementor-element elementor-element-0c9e11b elementor-widget elementor-widget-image\" data-id=\"0c9e11b\" data-element_type=\"widget\" data-widget_type=\"image.default\">\n\t\t\t\t<div class=\"elementor-widget-container\">\n\t\t\t\t\t\t\t\t\t\t\t\t\t\t\t<img decoding=\"async\" src=\"https:\/\/www.labellevue.bzh\/wp-content\/uploads\/elementor\/thumbs\/image00032-scaled-psfxlrtmmn6ycv9cf7etdzouxgfqayfsumuzi2lohs.webp\" title=\"image00032\" alt=\"image00032\" loading=\"lazy\" \/>\t\t\t\t\t\t\t\t\t\t\t\t\t\t\t<\/div>\n\t\t\t\t<\/div>\n\t\t\t\t<div class=\"elementor-element elementor-element-082f728 elementor-widget elementor-widget-image\" data-id=\"082f728\" data-element_type=\"widget\" data-widget_type=\"image.default\">\n\t\t\t\t<div class=\"elementor-widget-container\">\n\t\t\t\t\t\t\t\t\t\t\t\t\t\t\t<img fetchpriority=\"high\" decoding=\"async\" width=\"1024\" height=\"683\" src=\"https:\/\/www.labellevue.bzh\/wp-content\/uploads\/2026\/03\/L1001143-1024x683.jpg\" class=\"attachment-large size-large wp-image-17839\" alt=\"\" srcset=\"https:\/\/www.labellevue.bzh\/wp-content\/uploads\/2026\/03\/L1001143-1024x683.jpg 1024w, https:\/\/www.labellevue.bzh\/wp-content\/uploads\/2026\/03\/L1001143-300x200.jpg 300w, https:\/\/www.labellevue.bzh\/wp-content\/uploads\/2026\/03\/L1001143-768x512.jpg 768w, https:\/\/www.labellevue.bzh\/wp-content\/uploads\/2026\/03\/L1001143-1536x1025.jpg 1536w, https:\/\/www.labellevue.bzh\/wp-content\/uploads\/2026\/03\/L1001143-18x12.jpg 18w\" sizes=\"(max-width: 1024px) 100vw, 1024px\" \/>\t\t\t\t\t\t\t\t\t\t\t\t\t\t\t<\/div>\n\t\t\t\t<\/div>\n\t\t\t\t<div class=\"elementor-element elementor-element-7df578e elementor-widget elementor-widget-image\" data-id=\"7df578e\" data-element_type=\"widget\" data-widget_type=\"image.default\">\n\t\t\t\t<div class=\"elementor-widget-container\">\n\t\t\t\t\t\t\t\t\t\t\t\t\t\t\t<img decoding=\"async\" src=\"https:\/\/www.labellevue.bzh\/wp-content\/uploads\/elementor\/thumbs\/image00026-scaled-psfxlqvsft6ajidfcdjw7bcerauzhqiddc9491tjm4.webp\" title=\"image00026\" alt=\"image00026\" loading=\"lazy\" \/>\t\t\t\t\t\t\t\t\t\t\t\t\t\t\t<\/div>\n\t\t\t\t<\/div>\n\t\t\t\t\t<\/div>\n\t\t<\/div>\n\t\t\t\t<div class=\"elementor-column elementor-col-50 elementor-inner-column elementor-element elementor-element-23eab6d\" data-id=\"23eab6d\" data-element_type=\"column\">\n\t\t\t<div class=\"elementor-widget-wrap elementor-element-populated\">\n\t\t\t\t\t\t<div class=\"elementor-element elementor-element-c5b2e39 elementor-widget elementor-widget-image\" data-id=\"c5b2e39\" data-element_type=\"widget\" data-widget_type=\"image.default\">\n\t\t\t\t<div class=\"elementor-widget-container\">\n\t\t\t\t\t\t\t\t\t\t\t\t\t\t\t<img decoding=\"async\" width=\"1024\" height=\"768\" src=\"https:\/\/www.labellevue.bzh\/wp-content\/uploads\/2022\/07\/image00023-1024x768.webp\" class=\"attachment-large size-large wp-image-15484\" alt=\"\" srcset=\"https:\/\/www.labellevue.bzh\/wp-content\/uploads\/2022\/07\/image00023-1024x768.webp 1024w, https:\/\/www.labellevue.bzh\/wp-content\/uploads\/2022\/07\/image00023-300x225.webp 300w, https:\/\/www.labellevue.bzh\/wp-content\/uploads\/2022\/07\/image00023-768x576.webp 768w, https:\/\/www.labellevue.bzh\/wp-content\/uploads\/2022\/07\/image00023-1536x1152.webp 1536w, https:\/\/www.labellevue.bzh\/wp-content\/uploads\/2022\/07\/image00023-16x12.webp 16w, https:\/\/www.labellevue.bzh\/wp-content\/uploads\/2022\/07\/image00023-600x450.webp 600w\" sizes=\"(max-width: 1024px) 100vw, 1024px\" \/>\t\t\t\t\t\t\t\t\t\t\t\t\t\t\t<\/div>\n\t\t\t\t<\/div>\n\t\t\t\t<div class=\"elementor-element elementor-element-17209f3 elementor-widget elementor-widget-image\" data-id=\"17209f3\" data-element_type=\"widget\" data-widget_type=\"image.default\">\n\t\t\t\t<div class=\"elementor-widget-container\">\n\t\t\t\t\t\t\t\t\t\t\t\t\t\t\t<img decoding=\"async\" width=\"1920\" height=\"2560\" src=\"https:\/\/www.labellevue.bzh\/wp-content\/uploads\/2022\/07\/image00016-scaled.webp\" class=\"attachment-full size-full wp-image-15491\" alt=\"\" srcset=\"https:\/\/www.labellevue.bzh\/wp-content\/uploads\/2022\/07\/image00016-scaled.webp 1920w, https:\/\/www.labellevue.bzh\/wp-content\/uploads\/2022\/07\/image00016-225x300.webp 225w, https:\/\/www.labellevue.bzh\/wp-content\/uploads\/2022\/07\/image00016-768x1024.webp 768w, https:\/\/www.labellevue.bzh\/wp-content\/uploads\/2022\/07\/image00016-1152x1536.webp 1152w, https:\/\/www.labellevue.bzh\/wp-content\/uploads\/2022\/07\/image00016-1536x2048.webp 1536w, https:\/\/www.labellevue.bzh\/wp-content\/uploads\/2022\/07\/image00016-9x12.webp 9w, https:\/\/www.labellevue.bzh\/wp-content\/uploads\/2022\/07\/image00016-600x800.webp 600w\" sizes=\"(max-width: 1920px) 100vw, 1920px\" \/>\t\t\t\t\t\t\t\t\t\t\t\t\t\t\t<\/div>\n\t\t\t\t<\/div>\n\t\t\t\t<div class=\"elementor-element elementor-element-07fc1a8 elementor-widget elementor-widget-image\" data-id=\"07fc1a8\" data-element_type=\"widget\" data-widget_type=\"image.default\">\n\t\t\t\t<div class=\"elementor-widget-container\">\n\t\t\t\t\t\t\t\t\t\t\t\t\t\t\t<img loading=\"lazy\" decoding=\"async\" width=\"768\" height=\"1024\" src=\"https:\/\/www.labellevue.bzh\/wp-content\/uploads\/2022\/07\/image00012-768x1024.webp\" class=\"attachment-large size-large wp-image-15495\" alt=\"\" srcset=\"https:\/\/www.labellevue.bzh\/wp-content\/uploads\/2022\/07\/image00012-768x1024.webp 768w, https:\/\/www.labellevue.bzh\/wp-content\/uploads\/2022\/07\/image00012-225x300.webp 225w, https:\/\/www.labellevue.bzh\/wp-content\/uploads\/2022\/07\/image00012-1152x1536.webp 1152w, https:\/\/www.labellevue.bzh\/wp-content\/uploads\/2022\/07\/image00012-1536x2048.webp 1536w, https:\/\/www.labellevue.bzh\/wp-content\/uploads\/2022\/07\/image00012-9x12.webp 9w, https:\/\/www.labellevue.bzh\/wp-content\/uploads\/2022\/07\/image00012-600x800.webp 600w, https:\/\/www.labellevue.bzh\/wp-content\/uploads\/2022\/07\/image00012-scaled.webp 1920w\" sizes=\"(max-width: 768px) 100vw, 768px\" \/>\t\t\t\t\t\t\t\t\t\t\t\t\t\t\t<\/div>\n\t\t\t\t<\/div>\n\t\t\t\t\t<\/div>\n\t\t<\/div>\n\t\t\t\t\t<\/div>\n\t\t<\/section>\n\t\t\t\t<div class=\"elementor-element elementor-element-0ecbc23 elementor-widget elementor-widget-spacer\" data-id=\"0ecbc23\" data-element_type=\"widget\" data-widget_type=\"spacer.default\">\n\t\t\t\t<div class=\"elementor-widget-container\">\n\t\t\t\t\t\t\t<div class=\"elementor-spacer\">\n\t\t\t<div class=\"elementor-spacer-inner\"><\/div>\n\t\t<\/div>\n\t\t\t\t\t\t<\/div>\n\t\t\t\t<\/div>\n\t\t\t\t\t<\/div>\n\t\t<\/div>\n\t\t\t\t\t<\/div>\n\t\t<\/section>\n\t\t\t\t<section class=\"elementor-section elementor-top-section elementor-element elementor-element-292dd6d elementor-section-boxed elementor-section-height-default elementor-section-height-default eltdf-parallax-row-no eltdf-content-aligment-left eltdf-elementor-row-grid-no eltdf-disabled-bg-image-bellow-no\" data-id=\"292dd6d\" data-element_type=\"section\">\n\t\t\t\t\t\t<div class=\"elementor-container elementor-column-gap-default\">\n\t\t\t\t\t<div class=\"elementor-column elementor-col-100 elementor-top-column elementor-element elementor-element-938d584\" data-id=\"938d584\" data-element_type=\"column\">\n\t\t\t<div class=\"elementor-widget-wrap elementor-element-populated\">\n\t\t\t\t\t\t<div class=\"elementor-element elementor-element-d2feeb6 elementor-widget elementor-widget-spacer\" data-id=\"d2feeb6\" data-element_type=\"widget\" data-widget_type=\"spacer.default\">\n\t\t\t\t<div class=\"elementor-widget-container\">\n\t\t\t\t\t\t\t<div class=\"elementor-spacer\">\n\t\t\t<div class=\"elementor-spacer-inner\"><\/div>\n\t\t<\/div>\n\t\t\t\t\t\t<\/div>\n\t\t\t\t<\/div>\n\t\t\t\t<div class=\"elementor-element elementor-element-7f39240 elementor-widget elementor-widget-qi_addons_for_elementor_separator\" data-id=\"7f39240\" data-element_type=\"widget\" data-widget_type=\"qi_addons_for_elementor_separator.default\">\n\t\t\t\t<div class=\"elementor-widget-container\">\n\t\t\t\t\t<div class=\"qodef-shortcode qodef-m  qodef-qi-separator qodef-qi-clear qodef-separator--standard qodef-position--center\">\n\t<div class=\"qodef-m-line\"><\/div>\n<\/div>\n\t\t\t\t<\/div>\n\t\t\t\t<\/div>\n\t\t\t\t<div class=\"elementor-element elementor-element-8ab220b elementor-widget elementor-widget-spacer\" data-id=\"8ab220b\" data-element_type=\"widget\" data-widget_type=\"spacer.default\">\n\t\t\t\t<div class=\"elementor-widget-container\">\n\t\t\t\t\t\t\t<div class=\"elementor-spacer\">\n\t\t\t<div class=\"elementor-spacer-inner\"><\/div>\n\t\t<\/div>\n\t\t\t\t\t\t<\/div>\n\t\t\t\t<\/div>\n\t\t\t\t\t<\/div>\n\t\t<\/div>\n\t\t\t\t\t<\/div>\n\t\t<\/section>\n\t\t\t\t<section class=\"elementor-section elementor-top-section elementor-element elementor-element-2d0b1fb elementor-section-full_width elementor-section-height-min-height elementor-section-height-default elementor-section-items-middle eltdf-parallax-row-no eltdf-content-aligment-left eltdf-elementor-row-grid-no eltdf-disabled-bg-image-bellow-no\" data-id=\"2d0b1fb\" data-element_type=\"section\" data-settings=\"{&quot;background_background&quot;:&quot;classic&quot;}\">\n\t\t\t\t\t\t<div class=\"elementor-container elementor-column-gap-default\">\n\t\t\t\t\t<div class=\"elementor-column elementor-col-100 elementor-top-column elementor-element elementor-element-78e7a6b\" data-id=\"78e7a6b\" data-element_type=\"column\">\n\t\t\t<div class=\"elementor-widget-wrap\">\n\t\t\t\t\t\t\t<\/div>\n\t\t<\/div>\n\t\t\t\t\t<\/div>\n\t\t<\/section>\n\t\t\t\t<\/div>","protected":false},"excerpt":{"rendered":"<p>Meeting place, central and neuralgic of La Bellevue the bar is the central and neuralgic place of La Bellevue. Depending on the time of day, we share a coffee, a glass of wine, a beer or a cocktail. In [\u2026]<\/p>","protected":false},"author":1,"featured_media":0,"parent":0,"menu_order":0,"comment_status":"closed","ping_status":"closed","template":"full-width.php","meta":{"footnotes":""},"class_list":["post-5020","page","type-page","status-publish","hentry"],"yoast_head":"<!-- This site is optimized with the Yoast SEO Premium plugin v20.11 (Yoast SEO v24.3) - https:\/\/yoast.com\/wordpress\/plugins\/seo\/ -->\n<title>Boire un verre \u00e0 S\u00e9n\u00e9 - La Bellevue - Golfe du Morbihan<\/title>\n<meta name=\"description\" content=\"Le bar est le lieu central de La Bellevue \u00e0 S\u00e9n\u00e9 et se prolonge vers le jardin et le Golfe. On y partage un caf\u00e9, un verre de vin, une bi\u00e8re ou un cocktail.\" \/>\n<meta name=\"robots\" content=\"index, follow, max-snippet:-1, max-image-preview:large, max-video-preview:-1\" \/>\n<link rel=\"canonical\" href=\"https:\/\/www.labellevue.bzh\/en\/boire-un-verre\/\" \/>\n<meta property=\"og:locale\" content=\"en_US\" \/>\n<meta property=\"og:type\" content=\"article\" \/>\n<meta property=\"og:title\" content=\"Boire un verre\" \/>\n<meta property=\"og:description\" content=\"Le bar est le lieu central de La Bellevue \u00e0 S\u00e9n\u00e9 et se prolonge vers le jardin et le Golfe. On y partage un caf\u00e9, un verre de vin, une bi\u00e8re ou un cocktail.\" \/>\n<meta property=\"og:url\" content=\"https:\/\/www.labellevue.bzh\/en\/boire-un-verre\/\" \/>\n<meta property=\"og:site_name\" content=\"La Bellevue - S\u00e9n\u00e9, Golfe du Morbihan\" \/>\n<meta property=\"article:publisher\" content=\"https:\/\/www.facebook.com\/labellevuesene\" \/>\n<meta property=\"article:modified_time\" content=\"2026-03-27T14:59:29+00:00\" \/>\n<meta property=\"og:image\" content=\"https:\/\/www.labellevue.bzh\/wp-content\/uploads\/elementor\/thumbs\/image00028-scaled-psfxlrtmmn83a1xx3crqg7cvp5c4uqe61lunjznmkw.webp\" \/>\n<meta name=\"twitter:card\" content=\"summary_large_image\" \/>\n<meta name=\"twitter:label1\" content=\"Est. reading time\" \/>\n\t<meta name=\"twitter:data1\" content=\"2 minutes\" \/>\n<script type=\"application\/ld+json\" class=\"yoast-schema-graph\">{\"@context\":\"https:\/\/schema.org\",\"@graph\":[{\"@type\":\"WebPage\",\"@id\":\"https:\/\/www.labellevue.bzh\/boire-un-verre\/\",\"url\":\"https:\/\/www.labellevue.bzh\/boire-un-verre\/\",\"name\":\"Boire un verre \u00e0 S\u00e9n\u00e9 - La Bellevue - Golfe du Morbihan\",\"isPartOf\":{\"@id\":\"https:\/\/www.labellevue.bzh\/#website\"},\"primaryImageOfPage\":{\"@id\":\"https:\/\/www.labellevue.bzh\/boire-un-verre\/#primaryimage\"},\"image\":{\"@id\":\"https:\/\/www.labellevue.bzh\/boire-un-verre\/#primaryimage\"},\"thumbnailUrl\":\"https:\/\/www.labellevue.bzh\/wp-content\/uploads\/elementor\/thumbs\/image00028-scaled-psfxlrtmmn83a1xx3crqg7cvp5c4uqe61lunjznmkw.webp\",\"datePublished\":\"2022-04-08T08:27:58+00:00\",\"dateModified\":\"2026-03-27T14:59:29+00:00\",\"description\":\"Le bar est le lieu central de La Bellevue \u00e0 S\u00e9n\u00e9 et se prolonge vers le jardin et le Golfe. On y partage un caf\u00e9, un verre de vin, une bi\u00e8re ou un cocktail.\",\"breadcrumb\":{\"@id\":\"https:\/\/www.labellevue.bzh\/boire-un-verre\/#breadcrumb\"},\"inLanguage\":\"en-US\",\"potentialAction\":[{\"@type\":\"ReadAction\",\"target\":[\"https:\/\/www.labellevue.bzh\/boire-un-verre\/\"]}]},{\"@type\":\"ImageObject\",\"inLanguage\":\"en-US\",\"@id\":\"https:\/\/www.labellevue.bzh\/boire-un-verre\/#primaryimage\",\"url\":\"https:\/\/www.labellevue.bzh\/wp-content\/uploads\/elementor\/thumbs\/image00028-scaled-psfxlrtmmn83a1xx3crqg7cvp5c4uqe61lunjznmkw.webp\",\"contentUrl\":\"https:\/\/www.labellevue.bzh\/wp-content\/uploads\/elementor\/thumbs\/image00028-scaled-psfxlrtmmn83a1xx3crqg7cvp5c4uqe61lunjznmkw.webp\"},{\"@type\":\"BreadcrumbList\",\"@id\":\"https:\/\/www.labellevue.bzh\/boire-un-verre\/#breadcrumb\",\"itemListElement\":[{\"@type\":\"ListItem\",\"position\":1,\"name\":\"La Bellevue\",\"item\":\"https:\/\/www.labellevue.bzh\/\"},{\"@type\":\"ListItem\",\"position\":2,\"name\":\"Boire un verre\"}]},{\"@type\":\"WebSite\",\"@id\":\"https:\/\/www.labellevue.bzh\/#website\",\"url\":\"https:\/\/www.labellevue.bzh\/\",\"name\":\"La Bellevue - S\u00e9n\u00e9, Golfe du Morbihan\",\"description\":\"Chambres d&#039;h\u00f4tes &amp; Bistrot \u00e0 S\u00e9n\u00e9 - Vannes\",\"publisher\":{\"@id\":\"https:\/\/www.labellevue.bzh\/#organization\"},\"potentialAction\":[{\"@type\":\"SearchAction\",\"target\":{\"@type\":\"EntryPoint\",\"urlTemplate\":\"https:\/\/www.labellevue.bzh\/?s={search_term_string}\"},\"query-input\":{\"@type\":\"PropertyValueSpecification\",\"valueRequired\":true,\"valueName\":\"search_term_string\"}}],\"inLanguage\":\"en-US\"},{\"@type\":\"Organization\",\"@id\":\"https:\/\/www.labellevue.bzh\/#organization\",\"name\":\"La Bellevue - S\u00e9n\u00e9, Golfe du Morbihan\",\"url\":\"https:\/\/www.labellevue.bzh\/\",\"logo\":{\"@type\":\"ImageObject\",\"inLanguage\":\"en-US\",\"@id\":\"https:\/\/www.labellevue.bzh\/#\/schema\/logo\/image\/\",\"url\":\"https:\/\/www.labellevue.bzh\/wp-content\/uploads\/2023\/03\/logo-la-bellevue-restaurant-sene-vannes-golfe-du-morbihan.jpg\",\"contentUrl\":\"https:\/\/www.labellevue.bzh\/wp-content\/uploads\/2023\/03\/logo-la-bellevue-restaurant-sene-vannes-golfe-du-morbihan.jpg\",\"width\":537,\"height\":537,\"caption\":\"La Bellevue - S\u00e9n\u00e9, Golfe du Morbihan\"},\"image\":{\"@id\":\"https:\/\/www.labellevue.bzh\/#\/schema\/logo\/image\/\"},\"sameAs\":[\"https:\/\/www.facebook.com\/labellevuesene\"]}]}<\/script>\n<!-- \/ Yoast SEO Premium plugin. -->","yoast_head_json":{"title":"Boire un verre \u00e0 S\u00e9n\u00e9 - La Bellevue - Golfe du Morbihan","description":"Le bar est le lieu central de La Bellevue \u00e0 S\u00e9n\u00e9 et se prolonge vers le jardin et le Golfe. On y partage un caf\u00e9, un verre de vin, une bi\u00e8re ou un cocktail.","robots":{"index":"index","follow":"follow","max-snippet":"max-snippet:-1","max-image-preview":"max-image-preview:large","max-video-preview":"max-video-preview:-1"},"canonical":"https:\/\/www.labellevue.bzh\/en\/boire-un-verre\/","og_locale":"en_US","og_type":"article","og_title":"Boire un verre","og_description":"Le bar est le lieu central de La Bellevue \u00e0 S\u00e9n\u00e9 et se prolonge vers le jardin et le Golfe. On y partage un caf\u00e9, un verre de vin, une bi\u00e8re ou un cocktail.","og_url":"https:\/\/www.labellevue.bzh\/en\/boire-un-verre\/","og_site_name":"La Bellevue - S\u00e9n\u00e9, Golfe du Morbihan","article_publisher":"https:\/\/www.facebook.com\/labellevuesene","article_modified_time":"2026-03-27T14:59:29+00:00","og_image":[{"url":"https:\/\/www.labellevue.bzh\/wp-content\/uploads\/elementor\/thumbs\/image00028-scaled-psfxlrtmmn83a1xx3crqg7cvp5c4uqe61lunjznmkw.webp","type":"","width":"","height":""}],"twitter_card":"summary_large_image","twitter_misc":{"Est. reading time":"2 minutes"},"schema":{"@context":"https:\/\/schema.org","@graph":[{"@type":"WebPage","@id":"https:\/\/www.labellevue.bzh\/boire-un-verre\/","url":"https:\/\/www.labellevue.bzh\/boire-un-verre\/","name":"Boire un verre \u00e0 S\u00e9n\u00e9 - La Bellevue - Golfe du Morbihan","isPartOf":{"@id":"https:\/\/www.labellevue.bzh\/#website"},"primaryImageOfPage":{"@id":"https:\/\/www.labellevue.bzh\/boire-un-verre\/#primaryimage"},"image":{"@id":"https:\/\/www.labellevue.bzh\/boire-un-verre\/#primaryimage"},"thumbnailUrl":"https:\/\/www.labellevue.bzh\/wp-content\/uploads\/elementor\/thumbs\/image00028-scaled-psfxlrtmmn83a1xx3crqg7cvp5c4uqe61lunjznmkw.webp","datePublished":"2022-04-08T08:27:58+00:00","dateModified":"2026-03-27T14:59:29+00:00","description":"Le bar est le lieu central de La Bellevue \u00e0 S\u00e9n\u00e9 et se prolonge vers le jardin et le Golfe. On y partage un caf\u00e9, un verre de vin, une bi\u00e8re ou un cocktail.","breadcrumb":{"@id":"https:\/\/www.labellevue.bzh\/boire-un-verre\/#breadcrumb"},"inLanguage":"en-US","potentialAction":[{"@type":"ReadAction","target":["https:\/\/www.labellevue.bzh\/boire-un-verre\/"]}]},{"@type":"ImageObject","inLanguage":"en-US","@id":"https:\/\/www.labellevue.bzh\/boire-un-verre\/#primaryimage","url":"https:\/\/www.labellevue.bzh\/wp-content\/uploads\/elementor\/thumbs\/image00028-scaled-psfxlrtmmn83a1xx3crqg7cvp5c4uqe61lunjznmkw.webp","contentUrl":"https:\/\/www.labellevue.bzh\/wp-content\/uploads\/elementor\/thumbs\/image00028-scaled-psfxlrtmmn83a1xx3crqg7cvp5c4uqe61lunjznmkw.webp"},{"@type":"BreadcrumbList","@id":"https:\/\/www.labellevue.bzh\/boire-un-verre\/#breadcrumb","itemListElement":[{"@type":"ListItem","position":1,"name":"La Bellevue","item":"https:\/\/www.labellevue.bzh\/"},{"@type":"ListItem","position":2,"name":"Boire un verre"}]},{"@type":"WebSite","@id":"https:\/\/www.labellevue.bzh\/#website","url":"https:\/\/www.labellevue.bzh\/","name":"La Bellevue - S\u00e9n\u00e9, Golfe du Morbihan","description":"Chambres d&#039;h\u00f4tes &amp; Bistrot \u00e0 S\u00e9n\u00e9 - Vannes","publisher":{"@id":"https:\/\/www.labellevue.bzh\/#organization"},"potentialAction":[{"@type":"SearchAction","target":{"@type":"EntryPoint","urlTemplate":"https:\/\/www.labellevue.bzh\/?s={search_term_string}"},"query-input":{"@type":"PropertyValueSpecification","valueRequired":true,"valueName":"search_term_string"}}],"inLanguage":"en-US"},{"@type":"Organization","@id":"https:\/\/www.labellevue.bzh\/#organization","name":"La Bellevue - S\u00e9n\u00e9, Golfe du Morbihan","url":"https:\/\/www.labellevue.bzh\/","logo":{"@type":"ImageObject","inLanguage":"en-US","@id":"https:\/\/www.labellevue.bzh\/#\/schema\/logo\/image\/","url":"https:\/\/www.labellevue.bzh\/wp-content\/uploads\/2023\/03\/logo-la-bellevue-restaurant-sene-vannes-golfe-du-morbihan.jpg","contentUrl":"https:\/\/www.labellevue.bzh\/wp-content\/uploads\/2023\/03\/logo-la-bellevue-restaurant-sene-vannes-golfe-du-morbihan.jpg","width":537,"height":537,"caption":"La Bellevue - S\u00e9n\u00e9, Golfe du Morbihan"},"image":{"@id":"https:\/\/www.labellevue.bzh\/#\/schema\/logo\/image\/"},"sameAs":["https:\/\/www.facebook.com\/labellevuesene"]}]}},"_links":{"self":[{"href":"https:\/\/www.labellevue.bzh\/en\/wp-json\/wp\/v2\/pages\/5020","targetHints":{"allow":["GET"]}}],"collection":[{"href":"https:\/\/www.labellevue.bzh\/en\/wp-json\/wp\/v2\/pages"}],"about":[{"href":"https:\/\/www.labellevue.bzh\/en\/wp-json\/wp\/v2\/types\/page"}],"author":[{"embeddable":true,"href":"https:\/\/www.labellevue.bzh\/en\/wp-json\/wp\/v2\/users\/1"}],"replies":[{"embeddable":true,"href":"https:\/\/www.labellevue.bzh\/en\/wp-json\/wp\/v2\/comments?post=5020"}],"version-history":[{"count":3,"href":"https:\/\/www.labellevue.bzh\/en\/wp-json\/wp\/v2\/pages\/5020\/revisions"}],"predecessor-version":[{"id":17842,"href":"https:\/\/www.labellevue.bzh\/en\/wp-json\/wp\/v2\/pages\/5020\/revisions\/17842"}],"wp:attachment":[{"href":"https:\/\/www.labellevue.bzh\/en\/wp-json\/wp\/v2\/media?parent=5020"}],"curies":[{"name":"wp","href":"https:\/\/api.w.org\/{rel}","templated":true}]}}